{"id":190,"date":"2015-12-09T12:33:15","date_gmt":"2015-12-09T11:33:15","guid":{"rendered":"http:\/\/www.wynajemparownic.pl\/?page_id=190"},"modified":"2016-01-04T16:17:32","modified_gmt":"2016-01-04T15:17:32","slug":"swappy-s4990198102012","status":"publish","type":"page","link":"http:\/\/www.wynajemparownic.pl\/index.php\/parownice\/seria-prozo\/swappy-s4990198102012\/","title":{"rendered":"Swappy (S\/4\/99019810\/2012)"},"content":{"rendered":"<p>SYSTEM ODKURZACZ + URZ\u0104DZENIE PAROWE<\/p>\n<p>Moc max 2200W, Ci\u015bnienie robocze\u00a0 4,5 BAR, Pojemno\u015b\u0107 2,5 l,\u00a0temp 145\u00b0C<\/p>\n<p><img decoding=\"async\" loading=\"lazy\" class=\"alignnone size-large wp-image-73\" src=\"http:\/\/www.wynajemparownic.pl\/wp-content\/uploads\/2015\/12\/S4-1024x576.jpg\" alt=\"S4\" width=\"1024\" height=\"576\" srcset=\"http:\/\/www.wynajemparownic.pl\/wp-content\/uploads\/2015\/12\/S4-1024x576.jpg 1024w, http:\/\/www.wynajemparownic.pl\/wp-content\/uploads\/2015\/12\/S4-300x169.jpg 300w, http:\/\/www.wynajemparownic.pl\/wp-content\/uploads\/2015\/12\/S4-889x500.jpg 889w\" sizes=\"(max-width: 1024px) 100vw, 1024px\" \/><\/p>\n<p><span style=\"text-decoration: underline;\">Cena za 1 dob\u0119 &#8211; 50,00z\u0142<\/span><\/p>\n<p><strong>Promocje:<\/strong><\/p>\n<p>Weekend (odbi\u00f3r w pi\u0105tek, zwrot w poniedzia\u0142ek) &#8211; <del>200,00z\u0142<\/del>\u00a0&#8211; <span style=\"text-decoration: underline;\">120,00z\u0142<\/span> &#8211; <strong>oszcz\u0119dzasz 80,00z\u0142<\/strong><\/p>\n<p>Tydzie\u0144 (7 dni) &#8211; <del>350,00z\u0142<\/del>\u00a0&#8211; <span style=\"text-decoration: underline;\">192,00z\u0142<\/span> &#8211; <strong>oszcz\u0119dzasz 158,00z\u0142<\/strong><\/p>\n<p>Dwa tygodnie (14 dni) &#8211; <del>700,00z\u0142<\/del>\u00a0&#8211; <span style=\"text-decoration: underline;\">280,00z\u0142<\/span> &#8211; <strong>oszcz\u0119dzasz 420,00z\u0142<\/strong><\/p>\n<hr \/>\n<p>Przy zawieraniu umowy\u00a0doliczana jest kaucja w wysoko\u015bci 100,00z\u0142.<\/p>\n<p>W przypadku wynajmu na okres d\u0142u\u017cszy ni\u017c 14 dni, op\u0142ata za ka\u017cdy kolejny dzie\u0144 wynosi 20,00z\u0142 i jest p\u0142atna w dniu zdania sprz\u0119tu.<\/p>\n<hr \/>\n<p>Wszystkie kwoty zawieraj\u0105 podatek VAT 23%.<\/p>\n<hr \/>\n<p>Do parownicy stosujemy wy\u0142\u0105cznie wod\u0119 demineralizowan\u0105! Przy wynajmie na ponad 7 dni &#8211; 5l wody gratis.<\/p>\n<p><span style=\"font-size: 14px;\">Okres* &#8211; jeden okres = 1 doba &#8211; w przypadku wariantu w cenie podstawowej.<\/span><\/p>\n","protected":false},"excerpt":{"rendered":"<p>SYSTEM ODKURZACZ + URZ\u0104DZENIE PAROWE Moc max 2200W, Ci\u015bnienie robocze\u00a0 4,5 BAR, Pojemno\u015b\u0107 2,5 l,\u00a0temp 145\u00b0C Cena za 1 dob\u0119 &#8211; 50,00z\u0142 Promocje: Weekend (odbi\u00f3r w pi\u0105tek, zwrot w poniedzia\u0142ek) <a href=\"http:\/\/www.wynajemparownic.pl\/index.php\/parownice\/seria-prozo\/swappy-s4990198102012\/\" class=\"more-link\">[&hellip;]<\/a><\/p>\n","protected":false},"author":1,"featured_media":0,"parent":54,"menu_order":0,"comment_status":"closed","ping_status":"closed","template":"","meta":[],"_links":{"self":[{"href":"http:\/\/www.wynajemparownic.pl\/index.php\/wp-json\/wp\/v2\/pages\/190"}],"collection":[{"href":"http:\/\/www.wynajemparownic.pl\/index.php\/wp-json\/wp\/v2\/pages"}],"about":[{"href":"http:\/\/www.wynajemparownic.pl\/index.php\/wp-json\/wp\/v2\/types\/page"}],"author":[{"embeddable":true,"href":"http:\/\/www.wynajemparownic.pl\/index.php\/wp-json\/wp\/v2\/users\/1"}],"replies":[{"embeddable":true,"href":"http:\/\/www.wynajemparownic.pl\/index.php\/wp-json\/wp\/v2\/comments?post=190"}],"version-history":[{"count":5,"href":"http:\/\/www.wynajemparownic.pl\/index.php\/wp-json\/wp\/v2\/pages\/190\/revisions"}],"predecessor-version":[{"id":310,"href":"http:\/\/www.wynajemparownic.pl\/index.php\/wp-json\/wp\/v2\/pages\/190\/revisions\/310"}],"up":[{"embeddable":true,"href":"http:\/\/www.wynajemparownic.pl\/index.php\/wp-json\/wp\/v2\/pages\/54"}],"wp:attachment":[{"href":"http:\/\/www.wynajemparownic.pl\/index.php\/wp-json\/wp\/v2\/media?parent=190"}],"curies":[{"name":"wp","href":"https:\/\/api.w.org\/{rel}","templated":true}]}}