{"id":279,"date":"2015-12-22T11:43:24","date_gmt":"2015-12-22T10:43:24","guid":{"rendered":"http:\/\/www.wynajemparownic.pl\/?page_id=279"},"modified":"2016-01-07T17:06:28","modified_gmt":"2016-01-07T16:06:28","slug":"okolution-plus-tc9831589202015","status":"publish","type":"page","link":"http:\/\/www.wynajemparownic.pl\/index.php\/parownice\/seria-super\/okolution-plus-tc9831589202015\/","title":{"rendered":"Okolution Plus (TC\/9\/83158920\/2015)"},"content":{"rendered":"<p>Myjka parowa o ci\u015bnieniu do 7,5 BAR<\/p>\n<p>Moc 3200W \u00a0 \u00a0 \u00a0 \u00a0 \u00a0 \u00a0 \u00a0 \u00a0 \u00a0 \u00a0 \u00a0 \u00a0 \u00a0Temp. do 175\u00b0C<\/p>\n<p><img decoding=\"async\" loading=\"lazy\" class=\"alignnone size-large wp-image-280\" src=\"http:\/\/www.wynajemparownic.pl\/wp-content\/uploads\/2015\/12\/srebna-1024x576.jpg\" alt=\"srebna\" width=\"1024\" height=\"576\" srcset=\"http:\/\/www.wynajemparownic.pl\/wp-content\/uploads\/2015\/12\/srebna-1024x576.jpg 1024w, http:\/\/www.wynajemparownic.pl\/wp-content\/uploads\/2015\/12\/srebna-300x169.jpg 300w, http:\/\/www.wynajemparownic.pl\/wp-content\/uploads\/2015\/12\/srebna-768x432.jpg 768w, http:\/\/www.wynajemparownic.pl\/wp-content\/uploads\/2015\/12\/srebna-889x500.jpg 889w\" sizes=\"(max-width: 1024px) 100vw, 1024px\" \/><\/p>\n<p>W zestawie: Du\u017ca szczotka, Szczotka tr\u00f3jk\u0105tna, 2 x przed\u0142u\u017cka, 3 x ma\u0142a okr\u0105g\u0142a ko\u0144c\u00f3wka, 2 x okr\u0105g\u0142a ko\u0144c\u00f3wka, ma\u0142y skrobak, 2 x ko\u0144c\u00f3wka precyzyjna, przepychacz.<\/p>\n<p><span style=\"text-decoration: underline;\">Cena za 1 dob\u0119 &#8211; 65,00z\u0142<\/span><\/p>\n<p><strong>Promocje:<\/strong><\/p>\n<p>Weekend (odbi\u00f3r w pi\u0105tek, zwrot w poniedzia\u0142ek) &#8211; <del>260,00z\u0142<\/del>\u00a0&#8211; <span style=\"text-decoration: underline;\">156,00z\u0142<\/span> &#8211; <strong>oszcz\u0119dzasz 104,00z\u0142<\/strong><\/p>\n<p>Tydzie\u0144 (7 dni) &#8211; <del>455,00z\u0142<\/del>\u00a0&#8211; <span style=\"text-decoration: underline;\">250,00z\u0142<\/span> &#8211; <strong>oszcz\u0119dzasz 205,00z\u0142<\/strong><\/p>\n<p>Dwa tygodnie (14 dni) &#8211; <del>910,00z\u0142<\/del>\u00a0&#8211; <span style=\"text-decoration: underline;\">364,00z\u0142<\/span> &#8211; <strong>oszcz\u0119dzasz 546,00z\u0142<\/strong><\/p>\n<hr \/>\n<p>Przy zawieraniu umowy\u00a0doliczana jest kaucja w wysoko\u015bci 100,00z\u0142.<\/p>\n<p>W przypadku wynajmu na okres d\u0142u\u017cszy ni\u017c 14 dni, op\u0142ata za ka\u017cdy kolejny dzie\u0144 wynosi 26,00z\u0142 i jest p\u0142atna w dniu zdania sprz\u0119tu.<\/p>\n<hr \/>\n<p>Wszystkie kwoty zawieraj\u0105 podatek VAT 23%.<\/p>\n<hr \/>\n<p>Do parownicy stosujemy wy\u0142\u0105cznie wod\u0119 demineralizowan\u0105! Przy wynajmie na ponad 7 dni &#8211; 5l wody gratis.<\/p>\n<p><span style=\"font-size: 14px;\">Okres* &#8211; jeden okres = 1 doba &#8211; w przypadku wariantu w cenie podstawowej.<\/span><\/p>\n","protected":false},"excerpt":{"rendered":"<p>Myjka parowa o ci\u015bnieniu do 7,5 BAR Moc 3200W \u00a0 \u00a0 \u00a0 \u00a0 \u00a0 \u00a0 \u00a0 \u00a0 \u00a0 \u00a0 \u00a0 \u00a0 \u00a0Temp. do 175\u00b0C W zestawie: Du\u017ca szczotka, Szczotka tr\u00f3jk\u0105tna, <a href=\"http:\/\/www.wynajemparownic.pl\/index.php\/parownice\/seria-super\/okolution-plus-tc9831589202015\/\" class=\"more-link\">[&hellip;]<\/a><\/p>\n","protected":false},"author":1,"featured_media":0,"parent":159,"menu_order":0,"comment_status":"closed","ping_status":"closed","template":"","meta":[],"_links":{"self":[{"href":"http:\/\/www.wynajemparownic.pl\/index.php\/wp-json\/wp\/v2\/pages\/279"}],"collection":[{"href":"http:\/\/www.wynajemparownic.pl\/index.php\/wp-json\/wp\/v2\/pages"}],"about":[{"href":"http:\/\/www.wynajemparownic.pl\/index.php\/wp-json\/wp\/v2\/types\/page"}],"author":[{"embeddable":true,"href":"http:\/\/www.wynajemparownic.pl\/index.php\/wp-json\/wp\/v2\/users\/1"}],"replies":[{"embeddable":true,"href":"http:\/\/www.wynajemparownic.pl\/index.php\/wp-json\/wp\/v2\/comments?post=279"}],"version-history":[{"count":3,"href":"http:\/\/www.wynajemparownic.pl\/index.php\/wp-json\/wp\/v2\/pages\/279\/revisions"}],"predecessor-version":[{"id":304,"href":"http:\/\/www.wynajemparownic.pl\/index.php\/wp-json\/wp\/v2\/pages\/279\/revisions\/304"}],"up":[{"embeddable":true,"href":"http:\/\/www.wynajemparownic.pl\/index.php\/wp-json\/wp\/v2\/pages\/159"}],"wp:attachment":[{"href":"http:\/\/www.wynajemparownic.pl\/index.php\/wp-json\/wp\/v2\/media?parent=279"}],"curies":[{"name":"wp","href":"https:\/\/api.w.org\/{rel}","templated":true}]}}