{"id":341,"date":"2016-01-07T16:37:41","date_gmt":"2016-01-07T15:37:41","guid":{"rendered":"http:\/\/www.wynajemparownic.pl\/?page_id=341"},"modified":"2016-01-07T17:06:45","modified_gmt":"2016-01-07T16:06:45","slug":"dampf-d17376362015","status":"publish","type":"page","link":"http:\/\/www.wynajemparownic.pl\/index.php\/parownice\/seria-pro\/dampf-d17376362015\/","title":{"rendered":"Dampf (D\/17\/37636\/2015)"},"content":{"rendered":"<p>Urz\u0105dzenie parowe z kompletem ko\u0144c\u00f3wek, 5.0 bar, temp 150\u00b0C<\/p>\n<p><img decoding=\"async\" loading=\"lazy\" class=\"alignnone size-large wp-image-342\" src=\"http:\/\/www.wynajemparownic.pl\/wp-content\/uploads\/2016\/01\/37636-1024x639.png\" alt=\"37636\" width=\"1024\" height=\"639\" srcset=\"http:\/\/www.wynajemparownic.pl\/wp-content\/uploads\/2016\/01\/37636-1024x639.png 1024w, http:\/\/www.wynajemparownic.pl\/wp-content\/uploads\/2016\/01\/37636-300x187.png 300w, http:\/\/www.wynajemparownic.pl\/wp-content\/uploads\/2016\/01\/37636-768x480.png 768w, http:\/\/www.wynajemparownic.pl\/wp-content\/uploads\/2016\/01\/37636-801x500.png 801w\" sizes=\"(max-width: 1024px) 100vw, 1024px\" \/><\/p>\n<p>Zestaw baza, w\u0105\u017c + ko\u0144c\u00f3wki: 2 x przed\u0142u\u017cka, szczotka du\u017ca, szczotka tr\u00f3jk\u0105tna, ko\u0144c\u00f3wka do prac precyzyjnych ze szczotk\u0105, ko\u0144c\u00f3wka do czyszczenia szyb z dwoma \u015bci\u0105gaczami.<\/p>\n<hr \/>\n<p><span style=\"text-decoration: underline;\">Cena za 1 dob\u0119 &#8211; 37,00z\u0142<\/span><\/p>\n<p><strong>Promocje:<\/strong><\/p>\n<p>Weekend (odbi\u00f3r w pi\u0105tek, zwrot w poniedzia\u0142ek) &#8211; <del>148,00z\u0142<\/del>\u00a0&#8211; <span style=\"text-decoration: underline;\">88,00z\u0142<\/span> &#8211; <strong>oszcz\u0119dzasz 60,00z\u0142<\/strong><\/p>\n<p>Tydzie\u0144 (7 dni) &#8211; <del>259,00z\u0142<\/del>\u00a0&#8211; <span style=\"text-decoration: underline;\">142,00z\u0142<\/span> &#8211; <strong>oszcz\u0119dzasz 117,00z\u0142<\/strong><\/p>\n<p>Dwa tygodnie (14 dni) &#8211; <del>518,00z\u0142<\/del>\u00a0&#8211; <span style=\"text-decoration: underline;\">207,00z\u0142<\/span> &#8211; <strong>oszcz\u0119dzasz 311,00z\u0142<\/strong><\/p>\n<hr \/>\n<p>Przy zawieraniu umowy\u00a0doliczana jest kaucja w wysoko\u015bci 74,00z\u0142.<\/p>\n<p>W przypadku wynajmu na okres d\u0142u\u017cszy ni\u017c 14 dni, op\u0142ata za ka\u017cdy kolejny dzie\u0144 wynosi 15,00z\u0142 i jest p\u0142atna w dniu zdania sprz\u0119tu.<\/p>\n<hr \/>\n<p>Wszystkie kwoty zawieraj\u0105 podatek VAT 23%.<\/p>\n<hr \/>\n<p>Do parownicy stosujemy wy\u0142\u0105cznie wod\u0119 demineralizowan\u0105! Przy wynajmie na ponad 7 dni &#8211; 5l wody gratis.<\/p>\n<p><span style=\"font-size: 14px;\">Okres* &#8211; jeden okres = 1 doba &#8211; w przypadku wariantu w cenie podstawowej.<\/span><\/p>\n","protected":false},"excerpt":{"rendered":"<p>Urz\u0105dzenie parowe z kompletem ko\u0144c\u00f3wek, 5.0 bar, temp 150\u00b0C Zestaw baza, w\u0105\u017c + ko\u0144c\u00f3wki: 2 x przed\u0142u\u017cka, szczotka du\u017ca, szczotka tr\u00f3jk\u0105tna, ko\u0144c\u00f3wka do prac precyzyjnych ze szczotk\u0105, ko\u0144c\u00f3wka do czyszczenia <a href=\"http:\/\/www.wynajemparownic.pl\/index.php\/parownice\/seria-pro\/dampf-d17376362015\/\" class=\"more-link\">[&hellip;]<\/a><\/p>\n","protected":false},"author":1,"featured_media":0,"parent":58,"menu_order":0,"comment_status":"closed","ping_status":"closed","template":"","meta":[],"_links":{"self":[{"href":"http:\/\/www.wynajemparownic.pl\/index.php\/wp-json\/wp\/v2\/pages\/341"}],"collection":[{"href":"http:\/\/www.wynajemparownic.pl\/index.php\/wp-json\/wp\/v2\/pages"}],"about":[{"href":"http:\/\/www.wynajemparownic.pl\/index.php\/wp-json\/wp\/v2\/types\/page"}],"author":[{"embeddable":true,"href":"http:\/\/www.wynajemparownic.pl\/index.php\/wp-json\/wp\/v2\/users\/1"}],"replies":[{"embeddable":true,"href":"http:\/\/www.wynajemparownic.pl\/index.php\/wp-json\/wp\/v2\/comments?post=341"}],"version-history":[{"count":1,"href":"http:\/\/www.wynajemparownic.pl\/index.php\/wp-json\/wp\/v2\/pages\/341\/revisions"}],"predecessor-version":[{"id":343,"href":"http:\/\/www.wynajemparownic.pl\/index.php\/wp-json\/wp\/v2\/pages\/341\/revisions\/343"}],"up":[{"embeddable":true,"href":"http:\/\/www.wynajemparownic.pl\/index.php\/wp-json\/wp\/v2\/pages\/58"}],"wp:attachment":[{"href":"http:\/\/www.wynajemparownic.pl\/index.php\/wp-json\/wp\/v2\/media?parent=341"}],"curies":[{"name":"wp","href":"https:\/\/api.w.org\/{rel}","templated":true}]}}