{"id":386,"date":"2016-03-31T17:30:33","date_gmt":"2016-03-31T15:30:33","guid":{"rendered":"http:\/\/www.wynajemparownic.pl\/?page_id=386"},"modified":"2016-03-31T17:39:04","modified_gmt":"2016-03-31T15:39:04","slug":"klatka-jednowejsciowa-na-kune-kk012016","status":"publish","type":"page","link":"http:\/\/www.wynajemparownic.pl\/index.php\/pozostale\/chwytacze-klatki\/klatka-jednowejsciowa-na-kune-kk012016\/","title":{"rendered":"Klatka jednowej\u015bciowa na kun\u0119 (KK\/01\/2016)"},"content":{"rendered":"<p>Pu\u0142apka \u017cywo\u0142owna \u00a0rozwi\u0105\u017ce\u00a0problemy ze kunami domowym i le\u015bnymi, norkami, tch\u00f3rzami czy wi\u0119kszymi szczurami. Wymiar &#8211; 60 x 21 x 21 cm<\/p>\n<p>Mimo<strong>\u00a0<\/strong>niewielkich rozmiar\u00f3w ten model jest bardzo \u0142owny ze wzgl\u0119du na swoj\u0105 unikaln\u0105 konstrukcj\u0119. W przestrzeni pu\u0142apki zastosowali\u015bmy\u00a0<strong>dwie grodzie,<\/strong>\u00a0kt\u00f3re zmuszaj\u0105 zwierz\u0119 do wej\u015bcia w ca\u0142o\u015bci do \u015brodka po przyn\u0119t\u0119. Wielk\u0105 zalet\u0105 jest r\u00f3wnie\u017c umieszczenie wszystkich mechanizm\u00f3w spustowych wewn\u0105trz konstrukcji, dzi\u0119ki takiemu rozwi\u0105zaniu mo\u017cesz zamaskowa\u0107 pu\u0142apk\u0119 z ka\u017cdej strony lub wstawi\u0107 bezpo\u015brednio do nory.<\/p>\n<p>Jest to pu\u0142apka jedno-wej\u015bciow\u0105 niewielki rozmiar pozwala nam\u00a0<strong>bez trudno\u015bci\u00a0<\/strong>zmie\u015bci\u0107 pod samochodem (przydatne je\u015bli kuny przegryzaj\u0105 nam okablowanie w samochodzie).<strong>\u0141atwo si\u0119 j\u0105 zastawia<\/strong>\u00a0a \u0142\u0105czenia w pu\u0142apce s\u0105 spawane. Produkt jest w pe\u0142ni profesjonalny,\u00a0<strong>przyk\u0142adamy du\u017c\u0105 uwag\u0119 do jako\u015bci.<\/strong><\/p>\n<p>Pu\u0142apka wyposa\u017cona jest w\u00a0<strong>dodatkowe drzwiczki\u00a0<\/strong>do zak\u0142adania przyn\u0119ty gdzie umie\u015bcili\u015bmy wygodne\u00a0<strong>miejsce na jajko\u00a0<\/strong>(Uwaga je\u015bli chcesz stworzy\u0107\u00a0<strong>imitacj\u0119 gniazda<\/strong>\u00a0koniecznie u\u017cyj do tego siana z kurnika i w\u0142\u00f3\u017c do \u015brodka maksymalnie dwa jajka.)<\/p>\n<p><img decoding=\"async\" loading=\"lazy\" class=\"aligncenter size-large wp-image-387\" src=\"http:\/\/www.wynajemparownic.pl\/wp-content\/uploads\/2016\/03\/chwytacz_k3_1-1024x781.jpg\" alt=\"chwytacz_k3_1\" width=\"1024\" height=\"781\" srcset=\"http:\/\/www.wynajemparownic.pl\/wp-content\/uploads\/2016\/03\/chwytacz_k3_1-1024x781.jpg 1024w, http:\/\/www.wynajemparownic.pl\/wp-content\/uploads\/2016\/03\/chwytacz_k3_1-300x229.jpg 300w, http:\/\/www.wynajemparownic.pl\/wp-content\/uploads\/2016\/03\/chwytacz_k3_1-768x586.jpg 768w, http:\/\/www.wynajemparownic.pl\/wp-content\/uploads\/2016\/03\/chwytacz_k3_1-655x500.jpg 655w\" sizes=\"(max-width: 1024px) 100vw, 1024px\" \/><\/p>\n<p>Szeroka r\u0105czka transportowa chroni Ci\u0119 przed zadrapaniem podczas transportu.<\/p>\n<p><strong>QUICK LOCK SYSTEM<\/strong>\u00a0&#8211; dzi\u0119ki niemu pu\u0142apka zamyka si\u0119 5x szybciej ni\u017c przy systemie grawitacyjnym, a pod\u0142o\u017c\u0119 na kt\u00f3rym umieszczamy \u0142apk\u0119 mo\u017ce mie\u0107 do 60 stopni nachylenia.<\/p>\n<p><strong>SAFE DOOR SYSTEM<\/strong>\u00a0&#8211; daj\u0119 bezpiecze\u0144stwo podczas transportu zwierz\u0119cia po od\u0142owieniu. Je\u015bli pu\u0142apka obr\u00f3ci si\u0119 lub przewr\u00f3ci na bok SAFE DOOR nie pozwoli \u0142apce si\u0119 otworzy\u0107.<\/p>\n<p>Nasze pu\u0142apki tworzymy w oparciu o wieloletnie do\u015bwiadczenie traperskie naszych ekspert\u00f3w. Produkt kt\u00f3ry dostaniesz jest wyprodukowany z materia\u0142\u00f3w najwy\u017cszej jako\u015bci.<\/p>\n<p>Zastaw pu\u0142apk\u0119 kt\u00f3ra jest profesjonalnym wyrobem, pozb\u0119dziesz si\u0119 drapie\u017cnika szybko i raz na zawsze.<br \/>\n<iframe loading=\"lazy\" src=\"https:\/\/www.youtube.com\/embed\/feOKPzFoqhc\" width=\"560\" height=\"215\" frameborder=\"0\" allowfullscreen=\"allowfullscreen\"><\/iframe><\/p>\n<p>Cena za dzie\u0144 &#8211; 50,00z\u0142<\/p>\n<p><strong>Promocje:<\/strong><\/p>\n<p>Weekend (odbi\u00f3r w pi\u0105tek, zwrot w poniedzia\u0142ek) &#8211; <del>100,00z\u0142<\/del>\u00a0&#8211; <span style=\"text-decoration: underline;\">50,00z\u0142<\/span> &#8211; <strong>oszcz\u0119dzasz 100,00z\u0142<\/strong><\/p>\n<p>Tydzie\u0144 (7 dni) &#8211; <del>350,00z\u0142<\/del>\u00a0&#8211; <span style=\"text-decoration: underline;\">90,00z\u0142<\/span> &#8211; <strong>oszcz\u0119dzasz 260,00z\u0142<\/strong><\/p>\n<p>Dwa tygodnie (14 dni) &#8211; <del>700,00z\u0142<\/del>\u00a0&#8211; <span style=\"text-decoration: underline;\">150,00z\u0142<\/span> &#8211; <strong>oszcz\u0119dzasz 550,00z\u0142<\/strong><\/p>\n<hr \/>\n<p>Przy zawieraniu umowy\u00a0doliczana jest kaucja w wysoko\u015bci 150,00z\u0142.<\/p>\n<p>W przypadku wynajmu na okres d\u0142u\u017cszy ni\u017c 14 dni, op\u0142ata za ka\u017cdy kolejny dzie\u0144 wynosi 15,00z\u0142 i jest p\u0142atna w dniu zdania sprz\u0119tu.<\/p>\n<hr \/>\n<p>Wszystkie kwoty zawieraj\u0105 podatek VAT 23%.<\/p>\n<p>&nbsp;<\/p>\n","protected":false},"excerpt":{"rendered":"<p>Pu\u0142apka \u017cywo\u0142owna \u00a0rozwi\u0105\u017ce\u00a0problemy ze kunami domowym i le\u015bnymi, norkami, tch\u00f3rzami czy wi\u0119kszymi szczurami. Wymiar &#8211; 60 x 21 x 21 cm Mimo\u00a0niewielkich rozmiar\u00f3w ten model jest bardzo \u0142owny ze wzgl\u0119du <a href=\"http:\/\/www.wynajemparownic.pl\/index.php\/pozostale\/chwytacze-klatki\/klatka-jednowejsciowa-na-kune-kk012016\/\" class=\"more-link\">[&hellip;]<\/a><\/p>\n","protected":false},"author":1,"featured_media":0,"parent":392,"menu_order":0,"comment_status":"closed","ping_status":"closed","template":"","meta":[],"_links":{"self":[{"href":"http:\/\/www.wynajemparownic.pl\/index.php\/wp-json\/wp\/v2\/pages\/386"}],"collection":[{"href":"http:\/\/www.wynajemparownic.pl\/index.php\/wp-json\/wp\/v2\/pages"}],"about":[{"href":"http:\/\/www.wynajemparownic.pl\/index.php\/wp-json\/wp\/v2\/types\/page"}],"author":[{"embeddable":true,"href":"http:\/\/www.wynajemparownic.pl\/index.php\/wp-json\/wp\/v2\/users\/1"}],"replies":[{"embeddable":true,"href":"http:\/\/www.wynajemparownic.pl\/index.php\/wp-json\/wp\/v2\/comments?post=386"}],"version-history":[{"count":3,"href":"http:\/\/www.wynajemparownic.pl\/index.php\/wp-json\/wp\/v2\/pages\/386\/revisions"}],"predecessor-version":[{"id":390,"href":"http:\/\/www.wynajemparownic.pl\/index.php\/wp-json\/wp\/v2\/pages\/386\/revisions\/390"}],"up":[{"embeddable":true,"href":"http:\/\/www.wynajemparownic.pl\/index.php\/wp-json\/wp\/v2\/pages\/392"}],"wp:attachment":[{"href":"http:\/\/www.wynajemparownic.pl\/index.php\/wp-json\/wp\/v2\/media?parent=386"}],"curies":[{"name":"wp","href":"https:\/\/api.w.org\/{rel}","templated":true}]}}