{"id":721,"date":"2020-07-01T11:39:53","date_gmt":"2020-07-01T09:39:53","guid":{"rendered":"http:\/\/www.wynajemparownic.pl\/?page_id=721"},"modified":"2020-07-01T11:39:53","modified_gmt":"2020-07-01T09:39:53","slug":"deska-bodyboard","status":"publish","type":"page","link":"http:\/\/www.wynajemparownic.pl\/index.php\/pozostale\/deska-bodyboard\/","title":{"rendered":"DESKA BODYBOARD"},"content":{"rendered":"<p>Przeznaczona dla zaawansowanych bodyboarder\u00f3w, na ka\u017cdy rodzaj fal. Osoba &gt;185 cm (&gt;85 kg). Zaleca si\u0119 noszenie topu lub pianki, aby unikn\u0105\u0107 podra\u017cnie\u0144.<\/p>\n<p>Cena wynajmu ustalana indywidualnie.<\/p>\n<p><img decoding=\"async\" loading=\"lazy\" class=\"alignleft size-full wp-image-722\" src=\"http:\/\/www.wynajemparownic.pl\/wp-content\/uploads\/2020\/07\/deska.jpg\" alt=\"\" width=\"1011\" height=\"827\" srcset=\"http:\/\/www.wynajemparownic.pl\/wp-content\/uploads\/2020\/07\/deska.jpg 1011w, http:\/\/www.wynajemparownic.pl\/wp-content\/uploads\/2020\/07\/deska-300x245.jpg 300w, http:\/\/www.wynajemparownic.pl\/wp-content\/uploads\/2020\/07\/deska-768x628.jpg 768w, http:\/\/www.wynajemparownic.pl\/wp-content\/uploads\/2020\/07\/deska-611x500.jpg 611w\" sizes=\"(max-width: 1011px) 100vw, 1011px\" \/><\/p>\n","protected":false},"excerpt":{"rendered":"<p>Przeznaczona dla zaawansowanych bodyboarder\u00f3w, na ka\u017cdy rodzaj fal. Osoba &gt;185 cm (&gt;85 kg). Zaleca si\u0119 noszenie topu lub pianki, aby unikn\u0105\u0107 podra\u017cnie\u0144. Cena wynajmu ustalana indywidualnie.<\/p>\n","protected":false},"author":1,"featured_media":0,"parent":23,"menu_order":0,"comment_status":"closed","ping_status":"closed","template":"","meta":[],"_links":{"self":[{"href":"http:\/\/www.wynajemparownic.pl\/index.php\/wp-json\/wp\/v2\/pages\/721"}],"collection":[{"href":"http:\/\/www.wynajemparownic.pl\/index.php\/wp-json\/wp\/v2\/pages"}],"about":[{"href":"http:\/\/www.wynajemparownic.pl\/index.php\/wp-json\/wp\/v2\/types\/page"}],"author":[{"embeddable":true,"href":"http:\/\/www.wynajemparownic.pl\/index.php\/wp-json\/wp\/v2\/users\/1"}],"replies":[{"embeddable":true,"href":"http:\/\/www.wynajemparownic.pl\/index.php\/wp-json\/wp\/v2\/comments?post=721"}],"version-history":[{"count":1,"href":"http:\/\/www.wynajemparownic.pl\/index.php\/wp-json\/wp\/v2\/pages\/721\/revisions"}],"predecessor-version":[{"id":723,"href":"http:\/\/www.wynajemparownic.pl\/index.php\/wp-json\/wp\/v2\/pages\/721\/revisions\/723"}],"up":[{"embeddable":true,"href":"http:\/\/www.wynajemparownic.pl\/index.php\/wp-json\/wp\/v2\/pages\/23"}],"wp:attachment":[{"href":"http:\/\/www.wynajemparownic.pl\/index.php\/wp-json\/wp\/v2\/media?parent=721"}],"curies":[{"name":"wp","href":"https:\/\/api.w.org\/{rel}","templated":true}]}}